{"id":1723,"date":"2019-03-13T23:44:03","date_gmt":"2019-03-13T23:44:03","guid":{"rendered":"http:\/\/cass.sutel.com.uy\/?page_id=1723"},"modified":"2019-03-13T23:44:03","modified_gmt":"2019-03-13T23:44:03","slug":"curso-kinesiologos-deportivos","status":"publish","type":"page","link":"http:\/\/cass.sutel.com.uy\/?page_id=1723","title":{"rendered":"CURSO KINESIOLOGOS DEPORTIVOS"},"content":{"rendered":"<p class=\"western\" lang=\"es-ES\"><span style=\"font-size: small;\"><b>Se realiza anualmente con un periodo curricular que se extiende de Marzo a Diciembre, durante todos los Lunes de cada mes, en el horario comprendido entre las 19:30 hs. y las 21:30 horas. El mismo consta de clases Te\u00f3ricas y Pr\u00e1cticas, en el sal\u00f3n designado para la realizaci\u00f3n del curso (SUTEL). Agregando a lo anterior, se realizan actividades did\u00e1cticas pr\u00e1cticas, fuera del recinto antes mencionado (jornadas extracurriculares), con los instructores del curso.<\/b><\/span><\/p>\n<p class=\"western\" lang=\"es-ES\"><span style=\"font-size: small;\"><b>El curso tambi\u00e9n realiza las correspondientes instancias evaluatorias con la formaci\u00f3n de una mesa examinadora con los instructores permanentes del curso y kinesi\u00f3logos deportivos en actividad, invitados por la mesa examinadora.<\/b><\/span><\/p>\n<p class=\"western\" lang=\"es-ES\"><span style=\"font-size: small;\"><b>Las instancias evaluatorias est\u00e1n comprendidas por <\/b><\/span><span style=\"font-size: small;\"><u><b>Parciales<\/b><\/u><\/span><span style=\"font-size: small;\"><b> (escritos) y <\/b><\/span><span style=\"font-size: small;\"><u><b>Ex\u00e1menes Finales<\/b><\/u><\/span><span style=\"font-size: small;\"><b> en modalidades, <\/b><\/span><span style=\"font-size: small;\"><u><b>Te\u00f3rico<\/b><\/u><\/span><span style=\"font-size: small;\"><b> (oral) y <\/b><\/span><span style=\"font-size: small;\"><u><b>Pr\u00e1ctico<\/b><\/u><\/span><span style=\"font-size: small;\"><b> (interactivo, manejo destrezas pr\u00e1cticas, resoluci\u00f3n de distintas situaciones planteadas en el \u00e1mbito sanitario, deportivo (particular-seg\u00fan el deporte- y deportivo general) vinculadas particularmente a la actividad que desarrolla el kinesi\u00f3logo deportivo). <\/b><\/span><\/p>\nngg_shortcode_0_placeholder\n","protected":false},"excerpt":{"rendered":"<p>Se realiza anualmente con un periodo curricular que se extiende de Marzo a Diciembre, durante todos los Lunes de cada mes, en el horario comprendido entre las 19:30 hs. y &#8230;<\/p>\n","protected":false},"author":7,"featured_media":0,"parent":0,"menu_order":0,"comment_status":"closed","ping_status":"closed","template":"","meta":{"pagelayer_contact_templates":[],"_pagelayer_content":"","ngg_post_thumbnail":0,"footnotes":""},"class_list":["post-1723","page","type-page","status-publish","hentry"],"_links":{"self":[{"href":"http:\/\/cass.sutel.com.uy\/index.php?rest_route=\/wp\/v2\/pages\/1723","targetHints":{"allow":["GET"]}}],"collection":[{"href":"http:\/\/cass.sutel.com.uy\/index.php?rest_route=\/wp\/v2\/pages"}],"about":[{"href":"http:\/\/cass.sutel.com.uy\/index.php?rest_route=\/wp\/v2\/types\/page"}],"author":[{"embeddable":true,"href":"http:\/\/cass.sutel.com.uy\/index.php?rest_route=\/wp\/v2\/users\/7"}],"replies":[{"embeddable":true,"href":"http:\/\/cass.sutel.com.uy\/index.php?rest_route=%2Fwp%2Fv2%2Fcomments&post=1723"}],"version-history":[{"count":1,"href":"http:\/\/cass.sutel.com.uy\/index.php?rest_route=\/wp\/v2\/pages\/1723\/revisions"}],"predecessor-version":[{"id":1730,"href":"http:\/\/cass.sutel.com.uy\/index.php?rest_route=\/wp\/v2\/pages\/1723\/revisions\/1730"}],"wp:attachment":[{"href":"http:\/\/cass.sutel.com.uy\/index.php?rest_route=%2Fwp%2Fv2%2Fmedia&parent=1723"}],"curies":[{"name":"wp","href":"https:\/\/api.w.org\/{rel}","templated":true}]}}